{"id":144,"date":"2025-03-03T21:20:47","date_gmt":"2025-03-03T20:20:47","guid":{"rendered":"https:\/\/bchinvestgroup.com\/?page_id=144"},"modified":"2025-12-03T17:49:22","modified_gmt":"2025-12-03T16:49:22","slug":"enseignements-et-academique","status":"publish","type":"page","link":"https:\/\/bchinvestgroup.com\/index.php\/enseignements-et-academique\/","title":{"rendered":"Enseignements et activit\u00e9s acad\u00e9miques"},"content":{"rendered":"\n<div class=\"wp-block-group alignfull has-global-padding is-layout-constrained wp-block-group-is-layout-constrained\" style=\"margin-top:0;margin-bottom:0\">\n<div class=\"wp-block-columns alignfull is-layout-flex wp-container-core-columns-is-layout-9c22b1e3 wp-block-columns-is-layout-flex\">\n<div class=\"wp-block-column is-layout-flow wp-block-column-is-layout-flow\" style=\"flex-basis:55%\">\n<div style=\"aspect-ratio:1;min-height:unset;\" class=\"wp-block-cover is-light has-aspect-ratio\"><img loading=\"lazy\" decoding=\"async\" width=\"1920\" height=\"1280\" class=\"wp-block-cover__image-background wp-image-202\" alt=\"\" src=\"https:\/\/bchinvestgroup.com\/wp-content\/uploads\/2025\/03\/Visuel-campus-Rabat.jpeg\" data-object-fit=\"cover\" srcset=\"https:\/\/bchinvestgroup.com\/wp-content\/uploads\/2025\/03\/Visuel-campus-Rabat.jpeg 1920w, https:\/\/bchinvestgroup.com\/wp-content\/uploads\/2025\/03\/Visuel-campus-Rabat-300x200.jpeg 300w, https:\/\/bchinvestgroup.com\/wp-content\/uploads\/2025\/03\/Visuel-campus-Rabat-1024x683.jpeg 1024w, https:\/\/bchinvestgroup.com\/wp-content\/uploads\/2025\/03\/Visuel-campus-Rabat-768x512.jpeg 768w, https:\/\/bchinvestgroup.com\/wp-content\/uploads\/2025\/03\/Visuel-campus-Rabat-1536x1024.jpeg 1536w\" sizes=\"auto, (max-width: 1920px) 100vw, 1920px\" \/><span aria-hidden=\"true\" class=\"wp-block-cover__background has-background-dim-0 has-background-dim\" style=\"background-color:#8dacc5\"><\/span><div class=\"wp-block-cover__inner-container is-layout-flow wp-block-cover-is-layout-flow\">\n<div style=\"height:var(--wp--preset--spacing--20)\" aria-hidden=\"true\" class=\"wp-block-spacer\"><\/div>\n<\/div><\/div>\n<\/div>\n\n\n\n<div class=\"wp-block-column is-vertically-aligned-center is-layout-flow wp-block-column-is-layout-flow\" style=\"padding-top:var(--wp--preset--spacing--60);padding-right:var(--wp--preset--spacing--60);padding-bottom:var(--wp--preset--spacing--60);padding-left:var(--wp--preset--spacing--60)\">\n<p class=\"has-text-align-center\"><strong>Beno\u00eet Chervalier<\/strong> enseigne depuis plus de 15 ans, notamment \u00e0 Sciences Po Paris et aujourd\u2019hui \u00e0 l\u2019ESSEC, la finance des \u00e9conomies africaines, la finance des entreprises et la g\u00e9opolitique.<\/p>\n\n\n\n<p class=\"has-text-align-center\">En 2025, il a cofond\u00e9 la premi\u00e8re chaire Afrique sur le continent, <strong>\u00ab Business et Industrie en Afrique \u00bb<\/strong>, bas\u00e9e sur le campus de Rabat, d\u00e9di\u00e9e \u00e0 l\u2019industrialisation et \u00e0 la transformation des mati\u00e8res premi\u00e8res.<\/p>\n\n\n\n<p class=\"has-text-align-center\">Il intervient \u00e9galement \u00e0 l\u2019IRIS, au CERDI\/FERDI de Clermont-Ferrand, ainsi que ponctuellement dans de grandes \u00e9coles et universit\u00e9s internationales.<br>Plusieurs interventions et supports de cours sont disponibles sur les sites des \u00e9coles concern\u00e9es.<\/p>\n\n\n\n<hr class=\"wp-block-separator has-alpha-channel-opacity\"\/>\n\n\n\n<p><a id=\"_msocom_1\"><\/a><\/p>\n\n\n\n<figure class=\"wp-block-image alignright size-large is-resized\"><img loading=\"lazy\" decoding=\"async\" width=\"1024\" height=\"768\" src=\"http:\/\/bchinvestgroup.com\/wp-content\/uploads\/2025\/03\/Unknown-15-1024x768.jpeg\" alt=\"\" class=\"wp-image-196\" style=\"width:312px;height:auto\" srcset=\"https:\/\/bchinvestgroup.com\/wp-content\/uploads\/2025\/03\/Unknown-15-1024x768.jpeg 1024w, https:\/\/bchinvestgroup.com\/wp-content\/uploads\/2025\/03\/Unknown-15-300x225.jpeg 300w, https:\/\/bchinvestgroup.com\/wp-content\/uploads\/2025\/03\/Unknown-15-768x576.jpeg 768w, https:\/\/bchinvestgroup.com\/wp-content\/uploads\/2025\/03\/Unknown-15-1536x1152.jpeg 1536w, https:\/\/bchinvestgroup.com\/wp-content\/uploads\/2025\/03\/Unknown-15.jpeg 1600w\" sizes=\"auto, (max-width: 1024px) 100vw, 1024px\" \/><\/figure>\n\n\n\n<figure class=\"wp-block-image size-large is-resized\"><img loading=\"lazy\" decoding=\"async\" width=\"1024\" height=\"768\" src=\"http:\/\/bchinvestgroup.com\/wp-content\/uploads\/2025\/03\/Unknown-19-1024x768.jpeg\" alt=\"\" class=\"wp-image-197\" style=\"width:309px;height:auto\" srcset=\"https:\/\/bchinvestgroup.com\/wp-content\/uploads\/2025\/03\/Unknown-19-1024x768.jpeg 1024w, https:\/\/bchinvestgroup.com\/wp-content\/uploads\/2025\/03\/Unknown-19-300x225.jpeg 300w, https:\/\/bchinvestgroup.com\/wp-content\/uploads\/2025\/03\/Unknown-19-768x576.jpeg 768w, https:\/\/bchinvestgroup.com\/wp-content\/uploads\/2025\/03\/Unknown-19-1536x1152.jpeg 1536w, https:\/\/bchinvestgroup.com\/wp-content\/uploads\/2025\/03\/Unknown-19.jpeg 1600w\" sizes=\"auto, (max-width: 1024px) 100vw, 1024px\" \/><\/figure>\n\n\n\n<figure class=\"wp-block-image alignright size-full is-resized\"><img loading=\"lazy\" decoding=\"async\" width=\"946\" height=\"770\" src=\"http:\/\/bchinvestgroup.com\/wp-content\/uploads\/2025\/03\/Unknown-12.jpeg\" alt=\"\" class=\"wp-image-198\" style=\"width:296px;height:auto\" srcset=\"https:\/\/bchinvestgroup.com\/wp-content\/uploads\/2025\/03\/Unknown-12.jpeg 946w, https:\/\/bchinvestgroup.com\/wp-content\/uploads\/2025\/03\/Unknown-12-300x244.jpeg 300w, https:\/\/bchinvestgroup.com\/wp-content\/uploads\/2025\/03\/Unknown-12-768x625.jpeg 768w\" sizes=\"auto, (max-width: 946px) 100vw, 946px\" \/><\/figure>\n<\/div>\n<\/div>\n<\/div>\n\n\n\n<div class=\"wp-block-group alignfull has-global-padding is-layout-constrained wp-container-core-group-is-layout-54af5b55 wp-block-group-is-layout-constrained\" style=\"margin-top:0;margin-bottom:0;padding-top:var(--wp--preset--spacing--60);padding-bottom:var(--wp--preset--spacing--60)\">\n<h2 class=\"wp-block-heading alignwide has-text-align-center has-x-large-font-size\"><strong>ESSEC Business School<\/strong><\/h2>\n\n\n\n<div class=\"wp-block-buttons alignwide has-custom-font-size has-medium-font-size is-content-justification-center is-layout-flex wp-container-core-buttons-is-layout-c124d1c4 wp-block-buttons-is-layout-flex\">\n<div class=\"wp-block-button\"><a class=\"wp-block-button__link wp-element-button\" href=\"https:\/\/www.essec.edu\/fr\/chaire\/chaire-business-et-industry-in-africa\/\" target=\"_blank\" rel=\"noreferrer noopener\">Chaire Business &amp; Industry in Africa<\/a><\/div>\n\n\n\n<div class=\"wp-block-button\"><a class=\"wp-block-button__link wp-element-button\" href=\"https:\/\/www.essec.edu\/fr\/actualites\/lessec-lance-sa-premiere-chaire-sur-son-campus-de-rabat-intitulee-business-et-industrie-en-afrique-avec-le-soutien-dafrica-global-logistics-arise-iip-et-le-groupe-ibl\/\" target=\"_blank\" rel=\"noreferrer noopener\">Business et Industrie en Afrique &#8211; Communiqu\u00e9 de presse<\/a><\/div>\n\n\n\n<div class=\"wp-block-button\"><a class=\"wp-block-button__link wp-element-button\" href=\"https:\/\/onclickscan.trustifi.com\/api\/o\/v1\/scan\/link\/fffdaf\/335145\/69c10c\/eb69b9\/504d41\/16cf36\/f093ca\/90b841\/e8666a\/ef542d\/85972d\/627493\/9a11d6\/1f4096\/1d247f\/d4dd28\/c066d9\/d798a2\/e9fa54\/774296\/9085a0\/f04b01\/a25d10\/3cddee\/f48c10\/1ed922\/348ca3\/9be8f0\/93129c\/887205\/841f66\/943367\/20554e\/ac6705\/34711d\/320479\/633c1a\/aad800\/80eabc\/03a7b7\/6f75c4\/c22c5e\/b2dd4c\/ef8abf\/6c5691\/94267c\/c4557b\/277bc6\/50445b\/ad50fc\/917c7c\/ea9963\/394396\/db4183\/10acfc\/b58b94\/010180\/06fb7f\/dca05a\/c06d3a\/ab7549\/58792a\/ae9b55\/508538\/190510\/059b8a\/80bd23\/7d0ce1\/e3bfeb\/79f211\/498560\/f6db10\/2026bf\/db5498\/d7997c\/001104\/a6f340\/11bf64\/afb8a6\/b4cc12\/8d27f4\/2b5fa8\/e119dc\/8bbaca\/14738a\/07e4f7\/2af06f\/f79190\/492141\/1e3d00\/591f8d\/a313db\/0c461e\/1b1135\/4458e8\/a7002f\/5b8d80\/f80132\/646a92\/b231a2\/311378\/717339\/4f147c\/19b752\/195c31\/5802b4\/430e40\/33198f\/035416\/783a2f\/5216e0\/fa62dc\/2acc82\/24b808\/f18792\/9cdce8\/33e38b\/a8634f\/3bdddf\">\u00a0Forum annuel des chaires\u00a0: session 2025-2026<\/a><\/div>\n<\/div>\n\n\n\n<h2 class=\"wp-block-heading has-text-align-center\"><strong>Sciences Po Paris<\/strong><\/h2>\n\n\n\n<div class=\"wp-block-buttons is-content-justification-center is-layout-flex wp-container-core-buttons-is-layout-a89b3969 wp-block-buttons-is-layout-flex\">\n<div class=\"wp-block-button\"><a class=\"wp-block-button__link wp-element-button\" href=\"https:\/\/www.sciencespo.fr\/psia\/sites\/sciencespo.fr.psia\/files\/A5%20Curriculum%20PSIA%202023v7_finale_3.pdf\" target=\"_blank\" rel=\"noreferrer noopener\">PSIA CURRICULUM 2022 | 23<\/a><\/div>\n\n\n\n<div class=\"wp-block-button\"><a class=\"wp-block-button__link wp-element-button\" href=\"https:\/\/www.sciencespo.fr\/psia\/sites\/sciencespo.fr.psia\/files\/A5%20Curriculum%20PSIA%202021%20v5%20(version%20finale).pdf\" target=\"_blank\" rel=\"noreferrer noopener\">PSIA CURRICULUM 2020\/2021<\/a><\/div>\n\n\n\n<div class=\"wp-block-button\"><a class=\"wp-block-button__link wp-element-button\" href=\"https:\/\/www.sciencespo.fr\/psia\/events\/cryptocurrencies-very-unstable-world\/\" target=\"_blank\" rel=\"noreferrer noopener\">Cryptocurrencies in a very unstable world<\/a><\/div>\n\n\n\n<div class=\"wp-block-button\"><a class=\"wp-block-button__link wp-element-button\" href=\"https:\/\/www.sciencespo.fr\/fr\/evenements\/what-game-changer-for-africa-in-2019-an-economic-take-off-or-a-mirage\/\" target=\"_blank\" rel=\"noreferrer noopener\">What game changer for Africa in 2019<\/a><\/div>\n\n\n\n<div class=\"wp-block-button\"><a class=\"wp-block-button__link wp-element-button\" href=\"https:\/\/www.sciencespo.fr\/fr\/evenements\/financing-development-who-is-making-an-impact-and-how\/\" target=\"_blank\" rel=\"noreferrer noopener\">Financing Development: who is making an impact and how?<\/a><\/div>\n\n\n\n<div class=\"wp-block-button\"><a class=\"wp-block-button__link wp-element-button\" href=\"https:\/\/www.sciencespo.fr\/fr\/evenements\/how-can-growth-in-africa-be-financed\/\" target=\"_blank\" rel=\"noreferrer noopener\">How can growth in Africa be financed?<\/a><\/div>\n<\/div>\n\n\n\n<h2 class=\"wp-block-heading has-text-align-center\"><strong>IRIS (Institut des relations internationales)<\/strong><\/h2>\n\n\n\n<div class=\"wp-block-buttons is-content-justification-center is-layout-flex wp-container-core-buttons-is-layout-a89b3969 wp-block-buttons-is-layout-flex\">\n<div class=\"wp-block-button\"><a class=\"wp-block-button__link wp-element-button\" href=\"https:\/\/www.iris-sup.org\/lequipe-pedagogique\/\" target=\"_blank\" rel=\"noreferrer noopener\">L\u2019\u00e9quipe p\u00e9dagogique<\/a><\/div>\n<\/div>\n\n\n\n<h2 class=\"wp-block-heading has-text-align-center\"><strong>CERDI\/FERDI<\/strong><\/h2>\n<\/div>\n\n\n\n<div class=\"wp-block-buttons is-content-justification-center is-layout-flex wp-container-core-buttons-is-layout-a89b3969 wp-block-buttons-is-layout-flex\">\n<div class=\"wp-block-button\"><a class=\"wp-block-button__link wp-element-button\" href=\"https:\/\/ferdi.fr\/\" target=\"_blank\" rel=\"noreferrer noopener\">Des id\u00e9es nouvelles sur le d\u00e9veloppement<\/a><\/div>\n\n\n\n<div class=\"wp-block-button\"><a class=\"wp-block-button__link wp-element-button\" href=\"https:\/\/ferdi.fr\/biographies\/benoit-chervalier\" target=\"_blank\" rel=\"noreferrer noopener\">Bibliographie &#8211; BCH<\/a><\/div>\n<\/div>\n","protected":false},"excerpt":{"rendered":"<p>Beno\u00eet Chervalier enseigne depuis plus de 15 ans, notamment \u00e0 Sciences Po Paris et aujourd\u2019hui \u00e0 l\u2019ESSEC, la finance des \u00e9conomies africaines, la finance des entreprises et la g\u00e9opolitique. En 2025, il a cofond\u00e9 la premi\u00e8re chaire Afrique sur le continent, \u00ab Business et Industrie en Afrique \u00bb, bas\u00e9e sur le campus de Rabat, d\u00e9di\u00e9e [&hellip;]<\/p>\n","protected":false},"author":1,"featured_media":0,"parent":0,"menu_order":0,"comment_status":"closed","ping_status":"closed","template":"","meta":{"footnotes":""},"class_list":["post-144","page","type-page","status-publish","hentry"],"_links":{"self":[{"href":"https:\/\/bchinvestgroup.com\/index.php\/wp-json\/wp\/v2\/pages\/144","targetHints":{"allow":["GET"]}}],"collection":[{"href":"https:\/\/bchinvestgroup.com\/index.php\/wp-json\/wp\/v2\/pages"}],"about":[{"href":"https:\/\/bchinvestgroup.com\/index.php\/wp-json\/wp\/v2\/types\/page"}],"author":[{"embeddable":true,"href":"https:\/\/bchinvestgroup.com\/index.php\/wp-json\/wp\/v2\/users\/1"}],"replies":[{"embeddable":true,"href":"https:\/\/bchinvestgroup.com\/index.php\/wp-json\/wp\/v2\/comments?post=144"}],"version-history":[{"count":29,"href":"https:\/\/bchinvestgroup.com\/index.php\/wp-json\/wp\/v2\/pages\/144\/revisions"}],"predecessor-version":[{"id":564,"href":"https:\/\/bchinvestgroup.com\/index.php\/wp-json\/wp\/v2\/pages\/144\/revisions\/564"}],"wp:attachment":[{"href":"https:\/\/bchinvestgroup.com\/index.php\/wp-json\/wp\/v2\/media?parent=144"}],"curies":[{"name":"wp","href":"https:\/\/api.w.org\/{rel}","templated":true}]}}